{"id":1646,"date":"2023-03-16T13:53:25","date_gmt":"2023-03-16T13:53:25","guid":{"rendered":"https:\/\/tecnologia.vamtam.com\/?page_id=1646"},"modified":"2025-11-15T08:45:24","modified_gmt":"2025-11-15T08:45:24","slug":"mention-legales","status":"publish","type":"page","link":"https:\/\/cg.neptween.com\/?page_id=1646","title":{"rendered":"Mentions l\u00e9gales"},"content":{"rendered":"\t\t<div data-elementor-type=\"wp-page\" data-elementor-id=\"1646\" class=\"elementor elementor-1646\" data-elementor-post-type=\"page\">\n\t\t\t\t\t\t<section class=\"elementor-section elementor-top-section elementor-element elementor-element-e37aa05 elementor-section-boxed elementor-section-height-default elementor-section-height-default\" data-id=\"e37aa05\" data-element_type=\"section\" data-e-type=\"section\">\n\t\t\t\t\t\t<div class=\"elementor-container elementor-column-gap-default\">\n\t\t\t\t\t<div class=\"elementor-column elementor-col-100 elementor-top-column elementor-element elementor-element-8b3e74f\" data-id=\"8b3e74f\" data-element_type=\"column\" data-e-type=\"column\">\n\t\t\t<div class=\"elementor-widget-wrap elementor-element-populated\">\n\t\t\t\t\t\t<div class=\"elementor-element elementor-element-80298dd animated-slow elementor-invisible elementor-widget elementor-widget-heading\" data-id=\"80298dd\" data-element_type=\"widget\" data-e-type=\"widget\" data-settings=\"{&quot;_animation&quot;:&quot;fadeIn&quot;,&quot;_animation_tablet&quot;:&quot;none&quot;}\" data-widget_type=\"heading.default\">\n\t\t\t\t<div class=\"elementor-widget-container\">\n\t\t\t\t\t<h1 class=\"elementor-heading-title elementor-size-default\">Mentions L\u00e9gales<\/h1>\t\t\t\t<\/div>\n\t\t\t\t<\/div>\n\t\t\t\t<div class=\"elementor-element elementor-element-76d638f animated-slow elementor-invisible elementor-widget elementor-widget-heading\" data-id=\"76d638f\" data-element_type=\"widget\" data-e-type=\"widget\" data-settings=\"{&quot;_animation&quot;:&quot;fadeIn&quot;,&quot;_animation_tablet&quot;:&quot;none&quot;,&quot;_animation_delay&quot;:300}\" data-widget_type=\"heading.default\">\n\t\t\t\t<div class=\"elementor-widget-container\">\n\t\t\t\t\t<p class=\"elementor-heading-title elementor-size-default\">Les pr\u00e9sentes mentions l\u00e9gales concernent le site internet https:\/\/cg.neptween.com<\/p>\t\t\t\t<\/div>\n\t\t\t\t<\/div>\n\t\t\t\t<div class=\"elementor-element elementor-element-fed2f21 elementor-widget elementor-widget-spacer\" data-id=\"fed2f21\" data-element_type=\"widget\" data-e-type=\"widget\" data-widget_type=\"spacer.default\">\n\t\t\t\t<div class=\"elementor-widget-container\">\n\t\t\t\t\t\t\t<div class=\"elementor-spacer\">\n\t\t\t<div class=\"elementor-spacer-inner\"><\/div>\n\t\t<\/div>\n\t\t\t\t\t\t<\/div>\n\t\t\t\t<\/div>\n\t\t\t\t\t<\/div>\n\t\t<\/div>\n\t\t\t\t\t<\/div>\n\t\t<\/section>\n\t\t\t\t<section class=\"elementor-section elementor-top-section elementor-element elementor-element-3d75cf2 elementor-section-boxed elementor-section-height-default elementor-section-height-default\" data-id=\"3d75cf2\" data-element_type=\"section\" data-e-type=\"section\">\n\t\t\t\t\t\t<div class=\"elementor-container elementor-column-gap-no\">\n\t\t\t\t\t<div class=\"elementor-column elementor-col-100 elementor-top-column elementor-element elementor-element-2636055\" data-id=\"2636055\" data-element_type=\"column\" data-e-type=\"column\">\n\t\t\t<div class=\"elementor-widget-wrap elementor-element-populated\">\n\t\t\t\t\t\t<div class=\"elementor-element elementor-element-88f39b2 elementor-widget__width-initial elementor-widget elementor-widget-heading\" data-id=\"88f39b2\" data-element_type=\"widget\" data-e-type=\"widget\" data-widget_type=\"heading.default\">\n\t\t\t\t<div class=\"elementor-widget-container\">\n\t\t\t\t\t<h3 class=\"elementor-heading-title elementor-size-default\">\u00c9DITEUR<\/h3>\t\t\t\t<\/div>\n\t\t\t\t<\/div>\n\t\t\t\t<div class=\"vamtam-has-theme-widget-styles elementor-element elementor-element-587737e elementor-widget__width-initial elementor-widget elementor-widget-text-editor\" data-id=\"587737e\" data-element_type=\"widget\" data-e-type=\"widget\" data-widget_type=\"text-editor.default\">\n\t\t\t\t<div class=\"elementor-widget-container\">\n\t\t\t\t\t\t\t\t\t<p>\u00a0<\/p><p>NEPTWEEN CONGO<br \/>SARLU au capital de 1 000 000 F CFA<br \/>Si\u00e8ge social : Arr\u00eat deux conteneurs, Quartier Ngoyo, Pointe-Noire, R\u00e9publique du Congo<br \/>RCCM de Pointe-Noire sous le num\u00e9ro CG-PNR-01-2020-B12-00006.<\/p><p>T\u00e9l\u00e9phone : +242 05 509 05 19<\/p><p>Directeur de la publication : Adelin BALOU<\/p>\t\t\t\t\t\t\t\t<\/div>\n\t\t\t\t<\/div>\n\t\t\t\t<div class=\"elementor-element elementor-element-3d56e7d elementor-widget__width-initial elementor-widget elementor-widget-heading\" data-id=\"3d56e7d\" data-element_type=\"widget\" data-e-type=\"widget\" data-widget_type=\"heading.default\">\n\t\t\t\t<div class=\"elementor-widget-container\">\n\t\t\t\t\t<h3 class=\"elementor-heading-title elementor-size-default\">H\u00c9BERGEUR<\/h3>\t\t\t\t<\/div>\n\t\t\t\t<\/div>\n\t\t\t\t<div class=\"vamtam-has-theme-widget-styles elementor-element elementor-element-ade2499 elementor-widget__width-initial elementor-widget elementor-widget-text-editor\" data-id=\"ade2499\" data-element_type=\"widget\" data-e-type=\"widget\" data-widget_type=\"text-editor.default\">\n\t\t\t\t<div class=\"elementor-widget-container\">\n\t\t\t\t\t\t\t\t\t<p>\u00a0<\/p><p>1&amp;1 IONOS SARL<br \/>7, place de la Gare<br \/>BP 70109<br \/>57200 Sarreguemines Cedex<br \/>T\u00e9l. : +33 (0) 9. 70. 80. 89. 11<\/p>\t\t\t\t\t\t\t\t<\/div>\n\t\t\t\t<\/div>\n\t\t\t\t<div class=\"elementor-element elementor-element-4fb569b elementor-widget__width-initial elementor-widget elementor-widget-heading\" data-id=\"4fb569b\" data-element_type=\"widget\" data-e-type=\"widget\" data-widget_type=\"heading.default\">\n\t\t\t\t<div class=\"elementor-widget-container\">\n\t\t\t\t\t<h3 class=\"elementor-heading-title elementor-size-default\"><span style=\", sans-serif;font-size: 30px;font-style: normal;font-weight: 600\">PROTECTION DES DONN\u00c9ES \u00c0 CARACT\u00c8RE PERSONNEL<\/span><\/h3>\t\t\t\t<\/div>\n\t\t\t\t<\/div>\n\t\t\t\t<div class=\"vamtam-has-theme-widget-styles elementor-element elementor-element-54805d6 elementor-widget__width-initial elementor-widget elementor-widget-text-editor\" data-id=\"54805d6\" data-element_type=\"widget\" data-e-type=\"widget\" data-widget_type=\"text-editor.default\">\n\t\t\t\t<div class=\"elementor-widget-container\">\n\t\t\t\t\t\t\t\t\t<p>\u00a0<\/p><p>Les modalit\u00e9s de traitement de vos donn\u00e9es \u00e0 caract\u00e8re personnel collect\u00e9es via nos sites internet et applications sont d\u00e9finies sur la pr\u00e9sente <a href=\"https:\/\/cg.neptween.com\/?page_id=1648\" target=\"_self\" rel=\"noopener\">politique de confidentialit\u00e9<\/a>.<\/p><p>Pour toutes vos questions sur l\u2019utilisation de vos donn\u00e9es personnelles, vous pouvez contacter notre d\u00e9l\u00e9gu\u00e9 \u00e0 la protection des donn\u00e9es par mail \u00e0 contact@cg.neptween.com<\/p>\t\t\t\t\t\t\t\t<\/div>\n\t\t\t\t<\/div>\n\t\t\t\t<div class=\"elementor-element elementor-element-1e72e60 elementor-widget__width-initial elementor-widget elementor-widget-heading\" data-id=\"1e72e60\" data-element_type=\"widget\" data-e-type=\"widget\" data-widget_type=\"heading.default\">\n\t\t\t\t<div class=\"elementor-widget-container\">\n\t\t\t\t\t<h3 class=\"elementor-heading-title elementor-size-default\">POLITIQUE DE D\u00c9P\u00d4T DE COOKIES<\/h3>\t\t\t\t<\/div>\n\t\t\t\t<\/div>\n\t\t\t\t<div class=\"vamtam-has-theme-widget-styles elementor-element elementor-element-8e99d78 elementor-widget__width-initial elementor-widget elementor-widget-text-editor\" data-id=\"8e99d78\" data-element_type=\"widget\" data-e-type=\"widget\" data-widget_type=\"text-editor.default\">\n\t\t\t\t<div class=\"elementor-widget-container\">\n\t\t\t\t\t\t\t\t\t<p>\u00a0<\/p><p>Pour nous permettre d&rsquo; am\u00e9liorer votre exp\u00e9rience sur nos sites web et applications, nous utilisons des traceurs (ou cookies) afin d\u2019am\u00e9liorer nos services.<\/p><p>Pour plus d\u2019informations sur nos modalit\u00e9s de d\u00e9p\u00f4t de traceurs sur vos terminaux (ordinateurs, t\u00e9l\u00e9phone portable, tablettes etc), vous pouvez consulter notre <a href=\"https:\/\/cg.neptween.com\/?page_id=990093\" target=\"_self\" rel=\"noopener\">politique de cookies<\/a>.<\/p>\t\t\t\t\t\t\t\t<\/div>\n\t\t\t\t<\/div>\n\t\t\t\t<div class=\"elementor-element elementor-element-e9ece0f elementor-widget__width-initial elementor-widget elementor-widget-heading\" data-id=\"e9ece0f\" data-element_type=\"widget\" data-e-type=\"widget\" data-widget_type=\"heading.default\">\n\t\t\t\t<div class=\"elementor-widget-container\">\n\t\t\t\t\t<h3 class=\"elementor-heading-title elementor-size-default\">ADRESSES \u00c9LECTRONIQUES DE CONTACT OU NUM\u00c9RO DU STANDARD<\/h3>\t\t\t\t<\/div>\n\t\t\t\t<\/div>\n\t\t\t\t<div class=\"vamtam-has-theme-widget-styles elementor-element elementor-element-0aed36d elementor-widget__width-initial elementor-widget elementor-widget-text-editor\" data-id=\"0aed36d\" data-element_type=\"widget\" data-e-type=\"widget\" data-widget_type=\"text-editor.default\">\n\t\t\t\t<div class=\"elementor-widget-container\">\n\t\t\t\t\t\t\t\t\t<p>\u00a0<\/p><p>Ces informations sont publi\u00e9es sur nos plateformes \u00e0 destinations des internautes afin de leur permettre un acc\u00e8s plus facile \u00e0 l\u2019information recherch\u00e9e. Leur utilisation \u00e0 d\u2019autres fins, notamment \u00e0 des fins de prospection commerciale, est strictement interdite.<\/p>\t\t\t\t\t\t\t\t<\/div>\n\t\t\t\t<\/div>\n\t\t\t\t<div class=\"elementor-element elementor-element-b24e80a elementor-widget__width-initial elementor-widget elementor-widget-heading\" data-id=\"b24e80a\" data-element_type=\"widget\" data-e-type=\"widget\" data-widget_type=\"heading.default\">\n\t\t\t\t<div class=\"elementor-widget-container\">\n\t\t\t\t\t<h3 class=\"elementor-heading-title elementor-size-default\">PROTECTION DE NOS MARQUES ET DE TOUS NOS DROITS DE PROPRI\u00c9T\u00c9 INTELLECTUELLE<\/h3>\t\t\t\t<\/div>\n\t\t\t\t<\/div>\n\t\t\t\t<div class=\"vamtam-has-theme-widget-styles elementor-element elementor-element-bd93ee0 elementor-widget__width-initial elementor-widget elementor-widget-text-editor\" data-id=\"bd93ee0\" data-element_type=\"widget\" data-e-type=\"widget\" data-widget_type=\"text-editor.default\">\n\t\t\t\t<div class=\"elementor-widget-container\">\n\t\t\t\t\t\t\t\t\t<p>\u00a0<\/p><p>Sauf indication contraire, la mise en page, les \u00e9l\u00e9ments visuels et l&rsquo;ensemble des contenus pr\u00e9sents sur ce site incluant textes, photographies, illustrations, sch\u00e9mas, marques et logos constituent des \u0153uvres prot\u00e9g\u00e9es par le droit de la propri\u00e9t\u00e9 intellectuelle et sont la propri\u00e9t\u00e9 de NEPTWEEN CONGO. Par cons\u00e9quent, conform\u00e9ment aux dispositions du Code de la propri\u00e9t\u00e9 intellectuelle, ces \u00e9l\u00e9ments ne peuvent \u00eatre, m\u00eame en partie, utilis\u00e9s, modifi\u00e9s, adapt\u00e9s, reproduits, int\u00e9gr\u00e9s ou traduits sans l&rsquo;autorisation \u00e9crite pr\u00e9alable de NEPTWEEN CONGO, et ce, \u00e0 l&rsquo;\u00e9chelle mondiale.<\/p>\t\t\t\t\t\t\t\t<\/div>\n\t\t\t\t<\/div>\n\t\t\t\t<div class=\"elementor-element elementor-element-fd9dede elementor-widget__width-initial elementor-widget elementor-widget-heading\" data-id=\"fd9dede\" data-element_type=\"widget\" data-e-type=\"widget\" data-widget_type=\"heading.default\">\n\t\t\t\t<div class=\"elementor-widget-container\">\n\t\t\t\t\t<h3 class=\"elementor-heading-title elementor-size-default\">RESPONSABILIT\u00c9 <\/h3>\t\t\t\t<\/div>\n\t\t\t\t<\/div>\n\t\t\t\t<div class=\"vamtam-has-theme-widget-styles elementor-element elementor-element-e67c2b4 elementor-widget__width-initial elementor-widget elementor-widget-text-editor\" data-id=\"e67c2b4\" data-element_type=\"widget\" data-e-type=\"widget\" data-widget_type=\"text-editor.default\">\n\t\t\t\t<div class=\"elementor-widget-container\">\n\t\t\t\t\t\t\t\t\t<p>\u00a0<\/p><p>Toutes les donn\u00e9es disponibles sur ce site, quel que soit leur format, sont fournies \u00e0 titre purement informatif et n\u2019engagent en aucun cas la responsabilit\u00e9 de NEPTWEEN CONGO. NEPTWEEN CONGO ne peut assurer l&rsquo;exactitude ni l&rsquo;exhaustivit\u00e9 de ces informations.<\/p><p>De plus, NEPTWEEN CONGO d\u00e9cline toute responsabilit\u00e9 en cas de pr\u00e9judices directs ou indirects pouvant survenir lors de l&rsquo;utilisation de ce site ou en cas d&rsquo;impossibilit\u00e9 d&rsquo;y acc\u00e9der.<\/p>\t\t\t\t\t\t\t\t<\/div>\n\t\t\t\t<\/div>\n\t\t\t\t<div class=\"elementor-element elementor-element-37ba5a5 elementor-widget__width-initial elementor-widget elementor-widget-heading\" data-id=\"37ba5a5\" data-element_type=\"widget\" data-e-type=\"widget\" data-widget_type=\"heading.default\">\n\t\t\t\t<div class=\"elementor-widget-container\">\n\t\t\t\t\t<h3 class=\"elementor-heading-title elementor-size-default\">MODIFICATION<\/h3>\t\t\t\t<\/div>\n\t\t\t\t<\/div>\n\t\t\t\t<div class=\"vamtam-has-theme-widget-styles elementor-element elementor-element-0ed375b elementor-widget__width-initial elementor-widget elementor-widget-text-editor\" data-id=\"0ed375b\" data-element_type=\"widget\" data-e-type=\"widget\" data-widget_type=\"text-editor.default\">\n\t\t\t\t<div class=\"elementor-widget-container\">\n\t\t\t\t\t\t\t\t\t<p>\u00a0<\/p><p>NEPTWEEN CONGO se r\u00e9serve le droit de modifier les pr\u00e9sentes mentions l\u00e9gales \u00e0 tout moment, sans obligation de notification pr\u00e9alable aux utilisateurs. Il incombe exclusivement aux utilisateurs de consulter r\u00e9guli\u00e8rement ces mentions afin d&rsquo;en prendre connaissance.<\/p>\t\t\t\t\t\t\t\t<\/div>\n\t\t\t\t<\/div>\n\t\t\t\t\t<\/div>\n\t\t<\/div>\n\t\t\t\t\t<\/div>\n\t\t<\/section>\n\t\t\t\t<\/div>\n\t\t","protected":false},"excerpt":{"rendered":"<p>Mentions L\u00e9gales Les pr\u00e9sentes mentions l\u00e9gales concernent le site internet https:\/\/cg.neptween.com \u00c9DITEUR \u00a0 NEPTWEEN CONGOSARLU au capital de 1 000 000 F CFASi\u00e8ge social : Arr\u00eat deux conteneurs, Quartier Ngoyo, Pointe-Noire, R\u00e9publique du CongoRCCM de Pointe-Noire sous le num\u00e9ro CG-PNR-01-2020-B12-00006. T\u00e9l\u00e9phone : +242 05 509 05 19 Directeur de la publication : Adelin BALOU H\u00c9BERGEUR&#8230;<\/p>\n","protected":false},"author":1,"featured_media":0,"parent":0,"menu_order":0,"comment_status":"closed","ping_status":"closed","template":"","meta":{"footnotes":""},"class_list":["post-1646","page","type-page","status-publish","hentry"],"yoast_head":"<!-- This site is optimized with the Yoast SEO plugin v27.4 - https:\/\/yoast.com\/product\/yoast-seo-wordpress\/ -->\n<title>Mentions l\u00e9gales - NEPTWEEN CONGO<\/title>\n<meta name=\"robots\" content=\"index, follow, max-snippet:-1, max-image-preview:large, max-video-preview:-1\" \/>\n<link rel=\"canonical\" href=\"https:\/\/cg.neptween.com\/?page_id=1646\" \/>\n<meta property=\"og:locale\" content=\"fr_FR\" \/>\n<meta property=\"og:type\" content=\"article\" \/>\n<meta property=\"og:title\" content=\"Mentions l\u00e9gales - NEPTWEEN CONGO\" \/>\n<meta property=\"og:description\" content=\"Mentions L\u00e9gales Les pr\u00e9sentes mentions l\u00e9gales concernent le site internet https:\/\/cg.neptween.com \u00c9DITEUR \u00a0 NEPTWEEN CONGOSARLU au capital de 1 000 000 F CFASi\u00e8ge social : Arr\u00eat deux conteneurs, Quartier Ngoyo, Pointe-Noire, R\u00e9publique du CongoRCCM de Pointe-Noire sous le num\u00e9ro CG-PNR-01-2020-B12-00006. T\u00e9l\u00e9phone : +242 05 509 05 19 Directeur de la publication : Adelin BALOU H\u00c9BERGEUR...\" \/>\n<meta property=\"og:url\" content=\"https:\/\/cg.neptween.com\/?page_id=1646\" \/>\n<meta property=\"og:site_name\" content=\"NEPTWEEN CONGO\" \/>\n<meta property=\"article:modified_time\" content=\"2025-11-15T08:45:24+00:00\" \/>\n<meta name=\"twitter:card\" content=\"summary_large_image\" \/>\n<meta name=\"twitter:label1\" content=\"Dur\u00e9e de lecture estim\u00e9e\" \/>\n\t<meta name=\"twitter:data1\" content=\"2 minutes\" \/>\n<script type=\"application\/ld+json\" class=\"yoast-schema-graph\">{\"@context\":\"https:\\\/\\\/schema.org\",\"@graph\":[{\"@type\":\"WebPage\",\"@id\":\"https:\\\/\\\/cg.neptween.com\\\/?page_id=1646\",\"url\":\"https:\\\/\\\/cg.neptween.com\\\/?page_id=1646\",\"name\":\"Mentions l\u00e9gales - NEPTWEEN CONGO\",\"isPartOf\":{\"@id\":\"https:\\\/\\\/cg.neptween.com\\\/#website\"},\"datePublished\":\"2023-03-16T13:53:25+00:00\",\"dateModified\":\"2025-11-15T08:45:24+00:00\",\"breadcrumb\":{\"@id\":\"https:\\\/\\\/cg.neptween.com\\\/?page_id=1646#breadcrumb\"},\"inLanguage\":\"fr-FR\",\"potentialAction\":[{\"@type\":\"ReadAction\",\"target\":[\"https:\\\/\\\/cg.neptween.com\\\/?page_id=1646\"]}]},{\"@type\":\"BreadcrumbList\",\"@id\":\"https:\\\/\\\/cg.neptween.com\\\/?page_id=1646#breadcrumb\",\"itemListElement\":[{\"@type\":\"ListItem\",\"position\":1,\"name\":\"Home\",\"item\":\"https:\\\/\\\/cg.neptween.com\\\/\"},{\"@type\":\"ListItem\",\"position\":2,\"name\":\"Mentions l\u00e9gales\"}]},{\"@type\":\"WebSite\",\"@id\":\"https:\\\/\\\/cg.neptween.com\\\/#website\",\"url\":\"https:\\\/\\\/cg.neptween.com\\\/\",\"name\":\"NEPTWEEN CONGO\",\"description\":\"\",\"publisher\":{\"@id\":\"https:\\\/\\\/cg.neptween.com\\\/#organization\"},\"potentialAction\":[{\"@type\":\"SearchAction\",\"target\":{\"@type\":\"EntryPoint\",\"urlTemplate\":\"https:\\\/\\\/cg.neptween.com\\\/?s={search_term_string}\"},\"query-input\":{\"@type\":\"PropertyValueSpecification\",\"valueRequired\":true,\"valueName\":\"search_term_string\"}}],\"inLanguage\":\"fr-FR\"},{\"@type\":\"Organization\",\"@id\":\"https:\\\/\\\/cg.neptween.com\\\/#organization\",\"name\":\"NEPTWEEN CONGO\",\"url\":\"https:\\\/\\\/cg.neptween.com\\\/\",\"logo\":{\"@type\":\"ImageObject\",\"inLanguage\":\"fr-FR\",\"@id\":\"https:\\\/\\\/cg.neptween.com\\\/#\\\/schema\\\/logo\\\/image\\\/\",\"url\":\"https:\\\/\\\/cg.neptween.com\\\/wp-content\\\/uploads\\\/2025\\\/11\\\/cropped-NCG_LOGO.png\",\"contentUrl\":\"https:\\\/\\\/cg.neptween.com\\\/wp-content\\\/uploads\\\/2025\\\/11\\\/cropped-NCG_LOGO.png\",\"width\":1555,\"height\":437,\"caption\":\"NEPTWEEN CONGO\"},\"image\":{\"@id\":\"https:\\\/\\\/cg.neptween.com\\\/#\\\/schema\\\/logo\\\/image\\\/\"}}]}<\/script>\n<!-- \/ Yoast SEO plugin. -->","yoast_head_json":{"title":"Mentions l\u00e9gales - NEPTWEEN CONGO","robots":{"index":"index","follow":"follow","max-snippet":"max-snippet:-1","max-image-preview":"max-image-preview:large","max-video-preview":"max-video-preview:-1"},"canonical":"https:\/\/cg.neptween.com\/?page_id=1646","og_locale":"fr_FR","og_type":"article","og_title":"Mentions l\u00e9gales - NEPTWEEN CONGO","og_description":"Mentions L\u00e9gales Les pr\u00e9sentes mentions l\u00e9gales concernent le site internet https:\/\/cg.neptween.com \u00c9DITEUR \u00a0 NEPTWEEN CONGOSARLU au capital de 1 000 000 F CFASi\u00e8ge social : Arr\u00eat deux conteneurs, Quartier Ngoyo, Pointe-Noire, R\u00e9publique du CongoRCCM de Pointe-Noire sous le num\u00e9ro CG-PNR-01-2020-B12-00006. T\u00e9l\u00e9phone : +242 05 509 05 19 Directeur de la publication : Adelin BALOU H\u00c9BERGEUR...","og_url":"https:\/\/cg.neptween.com\/?page_id=1646","og_site_name":"NEPTWEEN CONGO","article_modified_time":"2025-11-15T08:45:24+00:00","twitter_card":"summary_large_image","twitter_misc":{"Dur\u00e9e de lecture estim\u00e9e":"2 minutes"},"schema":{"@context":"https:\/\/schema.org","@graph":[{"@type":"WebPage","@id":"https:\/\/cg.neptween.com\/?page_id=1646","url":"https:\/\/cg.neptween.com\/?page_id=1646","name":"Mentions l\u00e9gales - NEPTWEEN CONGO","isPartOf":{"@id":"https:\/\/cg.neptween.com\/#website"},"datePublished":"2023-03-16T13:53:25+00:00","dateModified":"2025-11-15T08:45:24+00:00","breadcrumb":{"@id":"https:\/\/cg.neptween.com\/?page_id=1646#breadcrumb"},"inLanguage":"fr-FR","potentialAction":[{"@type":"ReadAction","target":["https:\/\/cg.neptween.com\/?page_id=1646"]}]},{"@type":"BreadcrumbList","@id":"https:\/\/cg.neptween.com\/?page_id=1646#breadcrumb","itemListElement":[{"@type":"ListItem","position":1,"name":"Home","item":"https:\/\/cg.neptween.com\/"},{"@type":"ListItem","position":2,"name":"Mentions l\u00e9gales"}]},{"@type":"WebSite","@id":"https:\/\/cg.neptween.com\/#website","url":"https:\/\/cg.neptween.com\/","name":"NEPTWEEN CONGO","description":"","publisher":{"@id":"https:\/\/cg.neptween.com\/#organization"},"potentialAction":[{"@type":"SearchAction","target":{"@type":"EntryPoint","urlTemplate":"https:\/\/cg.neptween.com\/?s={search_term_string}"},"query-input":{"@type":"PropertyValueSpecification","valueRequired":true,"valueName":"search_term_string"}}],"inLanguage":"fr-FR"},{"@type":"Organization","@id":"https:\/\/cg.neptween.com\/#organization","name":"NEPTWEEN CONGO","url":"https:\/\/cg.neptween.com\/","logo":{"@type":"ImageObject","inLanguage":"fr-FR","@id":"https:\/\/cg.neptween.com\/#\/schema\/logo\/image\/","url":"https:\/\/cg.neptween.com\/wp-content\/uploads\/2025\/11\/cropped-NCG_LOGO.png","contentUrl":"https:\/\/cg.neptween.com\/wp-content\/uploads\/2025\/11\/cropped-NCG_LOGO.png","width":1555,"height":437,"caption":"NEPTWEEN CONGO"},"image":{"@id":"https:\/\/cg.neptween.com\/#\/schema\/logo\/image\/"}}]}},"_links":{"self":[{"href":"https:\/\/cg.neptween.com\/index.php?rest_route=\/wp\/v2\/pages\/1646","targetHints":{"allow":["GET"]}}],"collection":[{"href":"https:\/\/cg.neptween.com\/index.php?rest_route=\/wp\/v2\/pages"}],"about":[{"href":"https:\/\/cg.neptween.com\/index.php?rest_route=\/wp\/v2\/types\/page"}],"author":[{"embeddable":true,"href":"https:\/\/cg.neptween.com\/index.php?rest_route=\/wp\/v2\/users\/1"}],"replies":[{"embeddable":true,"href":"https:\/\/cg.neptween.com\/index.php?rest_route=%2Fwp%2Fv2%2Fcomments&post=1646"}],"version-history":[{"count":68,"href":"https:\/\/cg.neptween.com\/index.php?rest_route=\/wp\/v2\/pages\/1646\/revisions"}],"predecessor-version":[{"id":990380,"href":"https:\/\/cg.neptween.com\/index.php?rest_route=\/wp\/v2\/pages\/1646\/revisions\/990380"}],"wp:attachment":[{"href":"https:\/\/cg.neptween.com\/index.php?rest_route=%2Fwp%2Fv2%2Fmedia&parent=1646"}],"curies":[{"name":"wp","href":"https:\/\/api.w.org\/{rel}","templated":true}]}}